{"id":1814,"date":"2013-04-01T15:37:54","date_gmt":"2013-04-01T15:37:54","guid":{"rendered":"http:\/\/www.kriesi.at\/themes\/enfold\/?page_id=734"},"modified":"2020-08-18T19:55:41","modified_gmt":"2020-08-18T19:55:41","slug":"homepage-2","status":"publish","type":"page","link":"https:\/\/www.cabralexpresso.com.br\/","title":{"rendered":"Home"},"content":{"rendered":"<div id='layer_slider_1'  class='avia-layerslider main_color avia-shadow  avia-builder-el-0  el_before_av_one_third  avia-builder-el-first  container_wrap sidebar_right'  style='height: 471px;'  ><\/div><div id='after_layer_slider_1'  class='main_color av_default_container_wrap container_wrap sidebar_right'  ><div class='container av-section-cont-open' ><div class='template-page content  av-content-small alpha units'><div class='post-entry post-entry-type-page post-entry-1814'><div class='entry-content-wrapper clearfix'>\n<div  class='flex_column av-18wc4m-d0336e9ecb3e1417ca3f7165a8b94c17 av_one_third  avia-builder-el-1  el_after_av_layerslider  el_before_av_one_third  avia-builder-el-first  first flex_column_div  '     ><article  class='iconbox iconbox_left av-amueiu-e7ee6151668c8346ce19160ef5fe9bdd  avia-builder-el-2  avia-builder-el-no-sibling '  itemscope=\"itemscope\" itemtype=\"https:\/\/schema.org\/CreativeWork\" ><div class=\"iconbox_content\"><header class=\"entry-content-header\" aria-label=\"Icon: Servi\u00e7os\"><div class=\"iconbox_icon heading-color\" aria-hidden='true' data-av_icon='' data-av_iconfont='entypo-fontello'><\/div><h3 class='iconbox_content_title '  itemprop=\"headline\" >Servi\u00e7os<\/h3><\/header><div class='iconbox_content_container '  itemprop=\"text\" ><p>Entregas r\u00e1pidas com rapidez e profissionalismo. Atendemos pessoa Fisica e Juridica em toda a cidade do Rio de Janeiro!<\/p>\n<\/div><\/div><footer class=\"entry-footer\"><\/footer><\/article><\/div>\n<div  class='flex_column av-3bf8m-2e13923ca129d98738d16d3f6e1f0396 av_one_third  avia-builder-el-3  el_after_av_one_third  el_before_av_one_third  flex_column_div  '     ><article  class='iconbox iconbox_left av-87wh1y-90384c3eaa5fdeb558f535d79e8a8fd8  avia-builder-el-4  avia-builder-el-no-sibling '  itemscope=\"itemscope\" itemtype=\"https:\/\/schema.org\/CreativeWork\" ><div class=\"iconbox_content\"><header class=\"entry-content-header\" aria-label=\"Icon: Vantagens\"><div class=\"iconbox_icon heading-color\" aria-hidden='true' data-av_icon='' data-av_iconfont='entypo-fontello'><\/div><h3 class='iconbox_content_title '  itemprop=\"headline\" >Vantagens<\/h3><\/header><div class='iconbox_content_container '  itemprop=\"text\" ><p>Agilidade, seguran\u00e7a, economia, dinamismo e competitividade para enfrentar o mercado! E estas s\u00e3o apenas algumas vantagens&#8230;<\/p>\n<\/div><\/div><footer class=\"entry-footer\"><\/footer><\/article><\/div>\n<div  class='flex_column av-6dmhzq-17d3f010706769c4ea44934c1988a8ec av_one_third  avia-builder-el-5  el_after_av_one_third  el_before_av_textblock  flex_column_div  '     ><article  class='iconbox iconbox_left av-45qzh2-2332862422fc2bd66f0f740dcefbe1a1  avia-builder-el-6  avia-builder-el-no-sibling '  itemscope=\"itemscope\" itemtype=\"https:\/\/schema.org\/CreativeWork\" ><div class=\"iconbox_content\"><header class=\"entry-content-header\" aria-label=\"Icon: Contato\"><div class=\"iconbox_icon heading-color\" aria-hidden='true' data-av_icon='' data-av_iconfont='entypo-fontello'><\/div><h3 class='iconbox_content_title '  itemprop=\"headline\" >Contato<\/h3><\/header><div class='iconbox_content_container '  itemprop=\"text\" ><p>N\u00e3o perca mais tempo e entre em contato conosco e fa\u00e7a seu or\u00e7amento, ser\u00e1 um prazer atend\u00ea-lo.\u00a0 WHATSAAP 21 96417-9169<\/p>\n<\/div><\/div><footer class=\"entry-footer\"><\/footer><\/article><\/div><section  class='av_textblock_section av-1v1nty-5cd1bbcfebf0797cc2320cb6e9797ada '   itemscope=\"itemscope\" itemtype=\"https:\/\/schema.org\/CreativeWork\" ><div class='avia_textblock'  itemprop=\"text\" ><p>Todos Direitos Reservados &#8211; www.cabralexpresso.com.br | Desenvolvimento e Gerencia Digital: <a href=\"http:\/\/wwwlaomunicacoe.om.br\" target=\"_blank\" rel=\"noopener noreferrer\">LA Comunicacoes.<\/a><\/p>\n<\/div><\/section><\/p>\n","protected":false},"excerpt":{"rendered":"<p>This is a Page excerpt. It will be displayed for search results<\/p>\n","protected":false},"author":1,"featured_media":0,"parent":0,"menu_order":0,"comment_status":"open","ping_status":"open","template":"","meta":{"_joinchat":[],"footnotes":""},"class_list":["post-1814","page","type-page","status-publish","hentry"],"_links":{"self":[{"href":"https:\/\/www.cabralexpresso.com.br\/index.php?rest_route=\/wp\/v2\/pages\/1814"}],"collection":[{"href":"https:\/\/www.cabralexpresso.com.br\/index.php?rest_route=\/wp\/v2\/pages"}],"about":[{"href":"https:\/\/www.cabralexpresso.com.br\/index.php?rest_route=\/wp\/v2\/types\/page"}],"author":[{"embeddable":true,"href":"https:\/\/www.cabralexpresso.com.br\/index.php?rest_route=\/wp\/v2\/users\/1"}],"replies":[{"embeddable":true,"href":"https:\/\/www.cabralexpresso.com.br\/index.php?rest_route=%2Fwp%2Fv2%2Fcomments&post=1814"}],"version-history":[{"count":32,"href":"https:\/\/www.cabralexpresso.com.br\/index.php?rest_route=\/wp\/v2\/pages\/1814\/revisions"}],"predecessor-version":[{"id":1997,"href":"https:\/\/www.cabralexpresso.com.br\/index.php?rest_route=\/wp\/v2\/pages\/1814\/revisions\/1997"}],"wp:attachment":[{"href":"https:\/\/www.cabralexpresso.com.br\/index.php?rest_route=%2Fwp%2Fv2%2Fmedia&parent=1814"}],"curies":[{"name":"wp","href":"https:\/\/api.w.org\/{rel}","templated":true}]}}